{"id":8,"date":"2024-06-14T16:32:58","date_gmt":"2024-06-14T16:32:58","guid":{"rendered":"https:\/\/thomasmichalak.de\/index.php\/datenschutzerklaerung\/"},"modified":"2024-06-15T18:51:41","modified_gmt":"2024-06-15T18:51:41","slug":"datenschutzerklaerung","status":"publish","type":"page","link":"https:\/\/thomasmichalak.de\/index.php\/datenschutzerklaerung\/","title":{"rendered":"Datenschutzerkl\u00e4rung"},"content":{"rendered":"<h1>Datenschutzerkl\u00e4rung<\/h1>\n<p><p>In dieser Datenschutzerkl\u00e4rung informieren wir Sie \u00fcber die Verarbeitung Ihrer personenbezogenen Daten.<\/p>\n<p> Sofern Sie Ihre Datenschutzeinstellungen \u00e4ndern m\u00f6chten (Einwilligungen erteilen oder bereits erteilte Einwilligungen widerrufen), klicken Sie <a target=\"_blank\" href=\"#\" class=\"sp-dsgvo-show-privacy-popup\">hier<\/a> um Ihre Einstellungen zu \u00e4ndern.<\/p>\n<h2>Verantwortlich<\/h2>\n<p>Thomas Michalak, , Zwinglistra\u00dfe, 10555 Berlin, Deutschland, <a href=\"mailto:info@thomasmichalak.de\">info@thomasmichalak.de<\/a>, 0307859703<\/p>\n<h2>Hosting Provider<\/h2>\n<h3>Strato<\/h3>\n<p><p>Wir hosten unsere Website bei unserem Auftragsverarbeiter <a target=\"_blank\" href=\"https:\/\/www.strato.de\/\">Strato<\/a>, Strato AG, Pascalstra\u00dfe 10, 10587 Berlin, Deutschland.<\/p>\n<p>Zum Zweck der Bereitstellung und der Auslieferung der Website werden Verbindungsdaten verarbeitet. Zum blo\u00dfen Zweck der Auslieferung und Bereitstellung der Website werden die Daten \u00fcber den Aufruf hinaus nicht gespeichert.<\/p>\n<p>Die Rechtsgrundlage f\u00fcr die Datenverarbeitung ist das berechtigte Interesse (unbedingte technische Notwendigkeit zur Bereitstellung und Auslieferung des von Ihnen durch Ihren Aufruf ausdr\u00fccklich gew\u00fcnschten Dienstes &#8220;Website&#8221;) gem\u00e4\u00df Art. 6 Abs. 1 lit. f DSGVO.<\/p>\n<p>Zum Betrieb der Website werden die Verbindungsdaten und weitere personenbezogenen Daten zus\u00e4tzlich im Rahmen diverser anderer Funktionen bzw. Dienste verarbeitet. Dar\u00fcber wird im Rahmen dieser Datenschutzerkl\u00e4rung bei den einzelnen Funktionen bzw. Diensten im Detail informiert.<\/p>\n<\/p>\n<p><strong>Dienst:<\/strong> Nimmerland Nextcloud Service<br \/>\n<strong>Anbieter:<\/strong> Nimmerland Nextcloud Service, Zwinglistra\u00dfe 34, 10555 Berlin<br \/>\n<strong>Datenschutzerkl\u00e4rung:<\/strong> <a href=\"https:\/\/nimmerland.de\/datenschutz\/\">Link zur Datenschutzerkl\u00e4rung<\/a><\/p>\n<h2>Server Log Files<\/h2>\n<p><span><\/p>\n<p>Zum Zweck der \u00dcberwachung der technischen Funktion und zur Erh\u00f6hung der Betriebssicherheit unseres Webhosts werden Verbindungsdaten verarbeitet. Die Dauer der Verarbeitung ist auf 30 Tage beschr\u00e4nkt.<\/p>\n<p>Die Rechtsgrundlage f\u00fcr die Datenverarbeitung ist das berechtigte Interesse (unbedingte technische Notwendigkeit eines Server Log Files als grundlegende Datenbasis zur Fehleranalyse und f\u00fcr Sicherheitsma\u00dfnahmen im Rahmen des durch Ihren Aufruf ausdr\u00fccklich gew\u00fcnschten Dienstes &#8220;Website&#8221;) gem\u00e4\u00df Art. 6 Abs. 1 lit. f DSGVO.<\/p>\n<p><\/span><\/p>\n<h2>Sicherheitsdienste<\/h2>\n<p><p>Auf dieser Website nutzen wir zur Vermeidung von nicht menschlichen und automatisierten Eingaben das Angebot von Sicherheitsdienstleistern wie Captcha-Diensten.<\/p>\n<\/p>\n<p><strong>Dienst:<\/strong> Cloudflare Turnstile <strong>Anbieter:<\/strong> Cloudflare GmbH, Rosental 7, 80331 M\u00fcnchen, Germany <strong>Datenschutzerkl\u00e4rung:<\/strong> <a href=\"https:\/\/www.cloudflare.com\/de-de\/privacypolicy\/\">Link zur Datenschutzerkl\u00e4rung<\/a><\/p>\n<h2>Embeddings<\/h2>\n<h3>YouTube<\/h3>\n<p><p>Im Fall der Erteilung Ihrer Einwilligung verarbeiten wir mit dem Dienst <a target=\"_blank\" href=\"https:\/\/www.youtube.com\/\">Youtube<\/a>, Google Ireland Limited, Gordon House, Barrow Street, Dublin 4, Irland als gemeinsame Verantwortliche Ihre personenbezogenen Daten zum Zweck der Wiedergabe von Videos auf unserer Website.<\/p>\n<p>Wir erm\u00f6glichen dem Dienst die Erhebung von Verbindungsdaten, die Erhebung von Daten ihres Webbrowsers sowie die Platzierung eines Werbecookies. Durch die Platzierung von Werbecookies ist es Google m\u00f6glich, f\u00fcr jeden Nutzer eine individuelle User-ID zu berechnen. Diese zur eindeutigen Identifizierung geeigneten personenbezogenen Daten werden sodann im Rahmen des von Google betriebenen Werbenetzwerks verarbeitet.<\/p>\n<p>Der Google Konzern \u00fcbermittelt Ihre personenbezogenen Daten in die USA. Die Rechtsgrundlage f\u00fcr die Daten\u00fcbermittlung in die USA ist Ihre Einwilligung gem\u00e4\u00df Art. 49 Abs 1 lit a iVm Art. 6 Abs 1 lit a DSGVO in Verbindung mit \u00a725 TTDSG. Sie wurden bereits vor Erteilung Ihrer Einwilligung informiert, dass die USA \u00fcber kein den Standards der EU entsprechendes Datenschutzniveau verf\u00fcgt. Insbesondere k\u00f6nnen US Geheimdienste auf Ihre Daten zugreifen, ohne dass Sie dar\u00fcber informiert werden und ohne dass Sie dagegen rechtlich vorgehen k\u00f6nnen. Der Europ\u00e4ische Gerichtshof hat aus diesem Grund in einem Urteil den fr\u00fcheren Angemessenheitsbeschluss (Privacy Shield) f\u00fcr ung\u00fcltig erkl\u00e4rt.<\/p>\n<p>Soweit durch Google eine weitergehende eigenst\u00e4ndige Verarbeitung der Daten insbesondere im Rahmen des Werbenetzwerkes von Google erfolgt, ist Google daf\u00fcr alleinige Verantwortliche. Details finden Sie in der <a target=\"_blank\" href=\"https:\/\/policies.google.com\/privacy?gl=AT&amp;hl=de#intro\">Datenschutzerkl\u00e4rung<\/a> von Google.<\/p>\n<p>Die Nichterteilung der Einwilligung hat lediglich zur Folge, dass Ihnen der Dienst Youtube nicht zur Verf\u00fcgung gestellt wird. Eine bereits erteilte Einwilligung k\u00f6nnen Sie widerrufen, indem Sie die <a target=\"_blank\" class=\"lwb-ppsp\" href=\"#\" title=\"Datenschutzeinstellungen\">Datenschutzeinstellungen<\/a> \u00e4ndern.<\/p>\n<p>Die Rechtsgrundlage f\u00fcr die Datenverarbeitung ist Ihre Einwilligung gem\u00e4\u00df Art. 6 Abs 1 lit. a DSGVO.<\/p>\n<\/p>\n<h3>Vimeo<\/h3>\n<p><p>Im Fall der Erteilung Ihrer Einwilligung verarbeiten wir mit dem Dienst <a target=\"_blank\" href=\"https:\/\/vimeo.com\/\">Vimeo<\/a>, Vimeo Inc., 555 West 18th Street, New York, New York 10011, USA als gemeinsame Verantwortliche Ihre personenbezogenen Daten zum Zweck der Wiedergabe von Videos auf unserer Website.<\/p>\n<p>Wir erm\u00f6glichen dem Dienst die Erhebung von Verbindungsdaten, die Erhebung von Daten ihres Webbrowsers sowie die Platzierung eines Werbecookies. Durch die Platzierung von Werbecookies ist es Vimeo m\u00f6glich, f\u00fcr jeden Nutzer eine individuelle User-ID zu berechnen. Diese zur eindeutigen Identifizierung geeigneten personenbezogenen Daten werden sodann im Rahmen des von Vimeo betriebenen Werbenetzwerks verarbeitet.<\/p>\n<p>Soweit durch Vimeo eine weitergehende eigenst\u00e4ndige Verarbeitung der Daten insbesondere im Rahmen des Werbenetzwerkes von Vimeo erfolgt, ist Vimeo daf\u00fcr alleinige Verantwortliche. Details finden Sie in der <a target=\"_blank\" href=\"https:\/\/vimeo.com\/privacy\">Datenschutzerkl\u00e4rung<\/a> von Vimeo.<\/p>\n<p>Die Nichterteilung der Einwilligung hat lediglich zur Folge, dass Ihnen der Dienst Vimeo nicht zur Verf\u00fcgung gestellt wird. Eine bereits erteilte Einwilligung k\u00f6nnen Sie widerrufen, indem Sie die <a target=\"_blank\" class=\"lwb-ppsp\" href=\"#\" title=\"Datenschutzeinstellungen\">Datenschutzeinstellungen<\/a> \u00e4ndern.<\/p>\n<p>Die Rechtsgrundlage f\u00fcr die Datenverarbeitung ist Ihre Einwilligung gem\u00e4\u00df Art. 6 Abs 1 lit. a DSGVO. Die Rechtsgrundlage f\u00fcr die Daten\u00fcbermittlung in die USA ist Ihre Einwilligung gem\u00e4\u00df Art. 49 Abs 1 lit a iVm Art. 6 Abs 1 lit a DSGVO in Verbindung mit \u00a725 TTDSG. Sie wurden bereits vor Erteilung Ihrer Einwilligung informiert, dass die USA \u00fcber kein den Standards der EU entsprechendes Datenschutzniveau verf\u00fcgt. Insbesondere k\u00f6nnen US Geheimdienste auf Ihre Daten zugreifen, ohne dass Sie dar\u00fcber informiert werden und ohne dass Sie dagegen rechtlich vorgehen k\u00f6nnen. Der Europ\u00e4ische Gerichtshof hat aus diesem Grund in einem Urteil den fr\u00fcheren Angemessenheitsbeschluss (Privacy Shield) f\u00fcr ung\u00fcltig erkl\u00e4rt.<\/p>\n<\/p>\n<h2>Newsletter Dienste<\/h2>\n<p><h3>MailerLite<\/h3>\n<p>Nach Erteilung Ihrer Einwilligung erfolgt eine Verarbeitung Ihrer personenbezogenen Daten zum Zweck der \u00dcbermittlung elektronischer Direktwerbung (z.B. Newsletterversand) bis auf Widerruf.<\/p>\n<p>Zum Zweck des Newsletterversandes bedienen wir uns dem Auftragsverarbeiter MailerLite Limited, 71 Lower Baggot Street, Dublin 2, D02 P593, Ireland.<\/p>\n<p>Die Rechtsgrundlage f\u00fcr die Verarbeitung ist die von Ihnen gem\u00e4\u00df Art. 6 Abs. 1 lit. a DSGVO erteilte Einwilligung. Es gesteht keine gesetzliche oder vertragliche Verpflichtung zur Erteilung der Einwilligung. Die Nichterteilung der Einwilligung hat lediglich zur Folge, dass Sie keinen Newsletter von uns erhalten.<\/p>\n<p><strong>Datenschutzerkl\u00e4rung:<\/strong> <a href=\"https:\/\/www.mailerlite.com\/legal\/privacy-policy\" target=\"_blank\" rel=\"noopener\">Link zur Datenschutzerkl\u00e4rung<\/a> <strong>Sicherheit:<\/strong> <a href=\"https:\/\/www.mailerlite.com\/legal\/security-statement\" target=\"_blank\" rel=\"noopener\">Link zum Security Statement<\/a><\/p>\n<h2>Widerspruchsrecht<\/h2>\n<p><p>Sofern die Verarbeitung Ihrer personenbezogenen Daten auf Grundlage des berechtigten Interesses erfolgt, haben Sie das Recht gegen diese Verarbeitung zu widersprechen.<\/p>\n<p>Sofern keine zwingenden schutzw\u00fcrdigen Gr\u00fcnde f\u00fcr die Verarbeitung unsererseits vorliegen, wird die Verarbeitung Ihrer Daten auf Basis dieser Rechtsgrundlage eingestellt.<\/p>\n<p>Zudem haben Sie das Recht, der Verarbeitung Ihrer personenbezogenen Daten zum Zweck der Direktwerbung zu widersprechen. Im Fall des Widerspruchs werden Ihre personenbezogenen Daten nicht mehr zum Zweck der Direktwerbung verarbeitet.<\/p>\n<p>Die Rechtm\u00e4\u00dfigkeit der bis zum Widerspruch verarbeiteten Daten wird durch den Widerspruch nicht ber\u00fchrt.<\/p>\n<\/p>\n<h2>Widerrufsrecht<\/h2>\n<p><p>Sie haben das Recht eine bereits erteilte Einwilligung jederzeit zu widerrufen, indem Sie die <a target=\"_blank\" class=\"lwb-ppsp\" href=\"#\" title=\"Datenschutzeinstellungen\">Datenschutzeinstellungen<\/a> \u00e4ndern.<\/p>\n<p>Im Fall der Einwilligung in den Erhalt elektronischer Werbung kann der Widerruf Ihrer Einwilligung durch Klick auf den Abmeldelink erfolgen. In diesem Fall wird eine Verarbeitung, sofern keine andere Rechtsgrundlage besteht, eingestellt.<\/p>\n<p>Die Rechtm\u00e4\u00dfigkeit der bis zum Widerruf verarbeiteten Daten wird durch den Widerruf nicht ber\u00fchrt.<\/p>\n<\/p>\n<h2>Betroffenenrechte<\/h2>\n<p><p>Sie haben zudem das Recht auf Auskunft, Berichtigung, L\u00f6schung und Einschr\u00e4nkung der Verarbeitung der personenbezogenen Daten.<\/p>\n<p>Soweit die Rechtsgrundlage der Verarbeitung Ihrer personenbezogenen Daten in Ihrer Einwilligung oder in einem mit Ihnen abgeschlossenen Vertrag besteht, haben Sie \u00fcberdies das Recht auf Daten\u00fcbertragbarkeit. <\/p>\n<p>Weiters haben Sie das Recht auf Beschwerde bei der Aufsichtsbeh\u00f6rde. N\u00e4here Informationen zu den Aufsichtsbeh\u00f6rden in der Europ\u00e4ischen Union finden Sie <a target=\"_blank\" href=\"https:\/\/ec.europa.eu\/justice\/article-29\/structure\/data-protection-authorities\/index_en.htm\" title=\"Datenschutzbeh\u00f6rden\">hier<\/a>.<\/p><\/p>\n\n","protected":false},"excerpt":{"rendered":"","protected":false},"author":1,"featured_media":0,"parent":0,"menu_order":0,"comment_status":"closed","ping_status":"closed","template":"","meta":{"pgc_sgb_lightbox_settings":"","footnotes":""},"class_list":{"0":"post-8","1":"page","2":"type-page","3":"status-publish","5":"infinite-scroll-item","6":"no-featured-image-padding"},"_links":{"self":[{"href":"https:\/\/thomasmichalak.de\/index.php\/wp-json\/wp\/v2\/pages\/8","targetHints":{"allow":["GET"]}}],"collection":[{"href":"https:\/\/thomasmichalak.de\/index.php\/wp-json\/wp\/v2\/pages"}],"about":[{"href":"https:\/\/thomasmichalak.de\/index.php\/wp-json\/wp\/v2\/types\/page"}],"author":[{"embeddable":true,"href":"https:\/\/thomasmichalak.de\/index.php\/wp-json\/wp\/v2\/users\/1"}],"replies":[{"embeddable":true,"href":"https:\/\/thomasmichalak.de\/index.php\/wp-json\/wp\/v2\/comments?post=8"}],"version-history":[{"count":1,"href":"https:\/\/thomasmichalak.de\/index.php\/wp-json\/wp\/v2\/pages\/8\/revisions"}],"predecessor-version":[{"id":22,"href":"https:\/\/thomasmichalak.de\/index.php\/wp-json\/wp\/v2\/pages\/8\/revisions\/22"}],"wp:attachment":[{"href":"https:\/\/thomasmichalak.de\/index.php\/wp-json\/wp\/v2\/media?parent=8"}],"curies":[{"name":"wp","href":"https:\/\/api.w.org\/{rel}","templated":true}]}}