{"id":344,"date":"2025-07-24T10:45:58","date_gmt":"2025-07-24T10:45:58","guid":{"rendered":"https:\/\/thomasmichalak.de\/?page_id=344"},"modified":"2025-07-24T14:40:34","modified_gmt":"2025-07-24T14:40:34","slug":"thomas-michalak-cv","status":"publish","type":"page","link":"https:\/\/thomasmichalak.de\/index.php\/thomas-michalak-cv\/","title":{"rendered":"Thomas Michalak \u2013 CV"},"content":{"rendered":"\n<h2 class=\"wp-block-heading\">Kurzbiografie<\/h2>\n\n\n\n<p>1960 in Wetzlar an der Lahn geboren. Studium der Germanistik, Philosophie, Politologie und Kunstgeschichte in G\u00f6ttingen und Berlin. Fotografische Ausbildung an der \u201eWerkstatt f\u00fcr Photographie\u201c bei Ulrich G\u00f6rlich und Wilmar K\u00f6nig, sp\u00e4ter Ulla Haug und Ulla Kelm. In den 1980er und 1990er Jahren kuratorisches Arbeiten in der \u201eFotogalerie im Wedding\u201c, dem \u201eForum f\u00fcr aktuelle Fotografie Berlin e.V.\u201c und der \u201eNeue Gesellschaft f\u00fcr bildende Kunst\u201c. Seit 1998 Dozent f\u00fcr k\u00fcnstlerische Fotografie am \u201ePhotocentrum der VHS Friedrichshain-Kreuzberg\u201d. Lebt und arbeitet in Berlin.<\/p>\n\n\n\n<h2 class=\"wp-block-heading\">Vita<\/h2>\n\n\n\n<p>seit 2013 Leitung \u201e<a href=\"https:\/\/klasse-michalak.de\/\">Klasse Michalak<\/a>\u201c, freie Klasse f\u00fcr Fotografie<\/p>\n\n\n\n<p>2007\u20132010 Konzept und Leitung \u201e<a href=\"https:\/\/web.archive.org\/web\/20131228202954\/https:\/\/ofsb.de\/index.php?page=14\">Online Fotoschule Berlin<\/a>\u201c<\/p>\n\n\n\n<p>seit 2002 Referent Kursleiterfortbildungen und Vortr\u00e4ge zu aktuellen fotografischen und medienp\u00e4dagogischen Themen<\/p>\n\n\n\n<p>seit 1998 Dozent f\u00fcr k\u00fcnstlerische Fotografie am <a href=\"https:\/\/photocentrum.de\/\">Photocentrum der VHS Friedrichshain-Kreuzberg<\/a><\/p>\n\n\n\n<p>1997\u20132002 kuratorisches Arbeiten in der AG \u201e<a href=\"https:\/\/neu.ngbk.de\/de\/suche?q=unterbrochene%20karrieren\">Unterbrochene Karrieren<\/a>\u201c in der NGBK (Ausstellungen \u00fcber Mark Morrisroe, Hanah Wilke, Partnerschaften und Africa Apart)<\/p>\n\n\n\n<p>1993\u20131996 Arbeiten am Vorlass und Betreuung des fotografischen Nachlasses Roger Lips, K\u00f6ln. Katalog- und Ausstellungskonzeption.<\/p>\n\n\n\n<p>1990\u20131994 Ateliergemeinschaft mit Andreas Fux, freie und kommerzielle Arbeiten.<\/p>\n\n\n\n<p>1989\u20131990 Leitung der Bildredaktion beim Berliner Magazin Magnus<\/p>\n\n\n\n<p>1987\u20131990 Leitung der \u201eFotogalerie im Wedding\u201c und des \u201eForum f\u00fcr aktuelle Fotografie Berlin e. V.\u201c (mit Werner Land, Thomas Rohloff und Ingo Taubhorn)<\/p>\n\n\n\n<p>1984\u20131986 H\u00f6rer an der \u201e<a href=\"https:\/\/de.wikipedia.org\/wiki\/Werkstatt_f%C3%BCr_Photographie\">Werkstatt f\u00fcr Photographie<\/a>\u201c bei Ullrich G\u00f6rlich und Wilmar K\u00f6nig<\/p>\n\n\n\n<p>1980\u20131986 Studium der Germanistik, Philosophie, Politologie und Kunstgeschichte in G\u00f6ttingen und Berlin.<\/p>\n\n\n\n<h2 class=\"wp-block-heading\">Ausstellungen<\/h2>\n\n\n\n<p>2025 \u201eAnstiftung zur Teilhabe\u201c, Studio 1, Kunstquartier Bethanien, Berlin<\/p>\n\n\n\n<p>2025 \u201e_ope\u201c, Klasse Michalak, Kunstquartier Bethanien, Berlin<\/p>\n\n\n\n<p>2024 \u201eStein Stoff Silber\u201c, (mit Anja Spitzer und Steffi Weigel), Studio 1, Kunstquartier Bethanien, Berlin<\/p>\n\n\n\n<p>2023 \u201eWann ist hier? Wo ist jetzt\u201c, MonatOFF, Klasse Michalak, Kunstquartier Bethanien, Berlin.<\/p>\n\n\n\n<p>2022 \u201eDekonstruktion und Montage\u201c, Projektraum, Kunstquartier Bethanien, Berlin<\/p>\n\n\n\n<p>2018 \u201eVon Dunkelheit und Licht\u201c, Projektraum, Kunstquartier Bethanien, Berlin<\/p>\n\n\n\n<p>2017 \u201eVon der Anwesenheit des Abwesenden\u201c, Projektraum, Kunstquartier Bethanien, Berlin<\/p>\n\n\n\n<p>2016 \u201eEINS\u201c, Dozent*innen am Photocentrum, Kunstquartier Bethanien, Berlin<\/p>\n\n\n\n<p>2016 \u201eZWOplus\u201c, EMOP, Klasse Michalak, Kunstquartier Bethanien, Berlin<\/p>\n\n\n\n<p>2015 \u201eLeib \u2013 K\u00f6rper Identit\u00e4t Anpassung Widerstand\u201c, Kunstquartier Bethanien, Berlin<\/p>\n\n\n\n<p>2014 \u201ein and out\u201c, EMOP, Klasse Michalak, Kunstquartier Bethanien, Berlin<\/p>\n\n\n\n<p>2014 \u201eFremdes Sehen\u201c, Galerie und Projektraum hdK, Berlin<\/p>\n\n\n\n<p>2013 \u201eZeit\u201c, Studio 1, Kunstquartier Bethanien, Berlin<\/p>\n\n\n\n<p>2010 \u201eWerte \u2013 Arbeitsweisen \u2013 Bilder\u201c, Photocentrum im Kunstquartier Bethanien, Berlin<\/p>\n\n\n\n<p>2009 \u201eFamilienbilder\u201c, Photocentrum im Kunstquartier Bethanien, Berlin.<\/p>\n\n\n\n<p>2007 \u201eLebenswelten \u2013 Menschenbild\u201c, Kunstquartier Bethanien, Berlin.<\/p>\n\n\n\n<p>2006 \u201eDokument Konzept Wirklichkeit\u201c, Buchpr\u00e4sentation, Photocentrum der VHS, Berlin<\/p>\n\n\n\n<p>2005 \u201eStadt Land Fluss\u201c, Kunstquartier Bethanien, Berlin<\/p>\n\n\n\n<p>2004 \u201eBelieve it or not\u201c, Kunstraum Kreuzberg, Bethanien, Berlin<\/p>\n\n\n\n<p>2003 \u201eBerlinausstellung\u201c \u2013 KPMG, DVD<\/p>\n\n\n\n<p>2003 \u201eImages against war\u201c, Galerie Lichtblick, K\u00f6ln<\/p>\n\n\n\n<p>2002 \u201eThe Harder They Come \u2026 demapping masculinity\u201c, Sparwasser HQ, Berlin<\/p>\n\n\n\n<p>2002 \u201evonOrten\u201c, VHS Friedrichshain-Kreuzberg, Berlin, Katalog.<\/p>\n\n\n\n<p>2002 \u201e21&nbsp;\u00d7&nbsp;5&nbsp;porno MACHEN\u201c, Schwules Museum, Berlin<\/p>\n\n\n\n<p>1999 \u201eDer Garten\u201c, Galerie Objektiv, K\u00f6ln, Einzelausstellung<\/p>\n\n\n\n<p>1998 \u201eGesichter und Dinge\u201c, Neue Gesellschaft f\u00fcr bildende Kunst, Berlin, Katalog<\/p>\n\n\n\n<p>1998 \u201eTr\u00e4umen Sie von was Bestimmten\u201c, Ausstellungsraum Torstra\u00dfe Berlin, Katalog<\/p>\n\n\n\n<p>1997 \u201ePositionen schwuler Kunst\u201c, 100 Jahre Schwulenbewegung, Akademie der K\u00fcnste Berlin, Katalog<\/p>\n\n\n\n<p>1996 \u201ewas bleibt\u201c, Galerie Objektiv, K\u00f6ln, Einzelausstellung im Rahmen der 10. Internationalen Photoszene K\u00f6ln<\/p>\n\n\n\n<p>1995 Triptychon II, o.&nbsp;T. (Thomas Reichert) in einer Gruppenausstellung Berliner Fotografen im Schwulen Museum Berlin.<\/p>\n\n\n\n<p>1994 Triptychon I, o.&nbsp;T. (Christian Wolz), Jagdschloss Glienicke, Berlin.<\/p>\n\n\n\n<p>1988 Gruppenportr\u00e4ts im Rahmen der Vollbild-AIDS-Ausstellung der NGBK im K\u00fcnstlerbahnhof Westend<\/p>\n\n\n\n<p>1987 \u201eSchwules\u201c, Doppelausstellung mit J\u00fcrgen Baldiga in der Fotogalerie im Wedding, Berlin.<\/p>\n\n\n\n<h2 class=\"wp-block-heading\">Ank\u00e4ufe \/ Auszeichnungen<\/h2>\n\n\n\n<p>2023 Preis der Jury MonatOff f\u00fcr die Ausstellung \u201eWann ist hier? Wo ist jetzt?\u201c<\/p>\n\n\n\n<p>2021 Bildungspreis der DGPH (als Teil des Photocentrum der VHS Friedrichhain-Kreuzberg)<\/p>\n\n\n\n<p>2003 Medienpreis der \u201eDeutsche AIDS-Stiftung\u201c f\u00fcr die Ausstellungsreihe \u201eUnterbrochene Karrieren\u201c der NGBK (gemeinsam mit Torsten Neuendorff, Ingo Taubhorn, Frank Wagner u.&nbsp;a.)<\/p>\n\n\n\n<p>2000 Ankauf aus \u201eDer Garten\u201c, K\u00fcnstlerf\u00f6rderung des Berliner Senats und Investitionsbank Berlin.<\/p>\n\n\n\n<p>1998 Ankauf aus \u201e100 Freunde\u201c, K\u00fcnstlerf\u00f6rderung des Berliner Senats und Investitionsbank Berlin.<\/p>\n\n\n\n<p><\/p>\n","protected":false},"excerpt":{"rendered":"<p>Kurzbiografie 1960 in Wetzlar an der Lahn geboren. Studium der Germanistik, Philosophie, Politologie und Kunstgeschichte in G\u00f6ttingen und Berlin. Fotografische Ausbildung an der \u201eWerkstatt f\u00fcr Photographie\u201c bei Ulrich G\u00f6rlich und &#8230; <\/p>\n<p class=\"read-more-container\"><a title=\"Thomas Michalak \u2013 CV\" class=\"read-more button\" href=\"https:\/\/thomasmichalak.de\/index.php\/thomas-michalak-cv\/#more-344\" aria-label=\"Mehr Informationen \u00fcber Thomas Michalak \u2013 CV\">Weiterlesen &#8230;<\/a><\/p>\n","protected":false},"author":1,"featured_media":0,"parent":0,"menu_order":0,"comment_status":"closed","ping_status":"closed","template":"","meta":{"pgc_sgb_lightbox_settings":"","footnotes":""},"class_list":{"0":"post-344","1":"page","2":"type-page","3":"status-publish","5":"infinite-scroll-item","6":"no-featured-image-padding"},"_links":{"self":[{"href":"https:\/\/thomasmichalak.de\/index.php\/wp-json\/wp\/v2\/pages\/344","targetHints":{"allow":["GET"]}}],"collection":[{"href":"https:\/\/thomasmichalak.de\/index.php\/wp-json\/wp\/v2\/pages"}],"about":[{"href":"https:\/\/thomasmichalak.de\/index.php\/wp-json\/wp\/v2\/types\/page"}],"author":[{"embeddable":true,"href":"https:\/\/thomasmichalak.de\/index.php\/wp-json\/wp\/v2\/users\/1"}],"replies":[{"embeddable":true,"href":"https:\/\/thomasmichalak.de\/index.php\/wp-json\/wp\/v2\/comments?post=344"}],"version-history":[{"count":4,"href":"https:\/\/thomasmichalak.de\/index.php\/wp-json\/wp\/v2\/pages\/344\/revisions"}],"predecessor-version":[{"id":349,"href":"https:\/\/thomasmichalak.de\/index.php\/wp-json\/wp\/v2\/pages\/344\/revisions\/349"}],"wp:attachment":[{"href":"https:\/\/thomasmichalak.de\/index.php\/wp-json\/wp\/v2\/media?parent=344"}],"curies":[{"name":"wp","href":"https:\/\/api.w.org\/{rel}","templated":true}]}}